{"id":1046,"date":"2023-06-22T12:52:40","date_gmt":"2023-06-22T10:52:40","guid":{"rendered":"https:\/\/stage.onestepbeyond.se\/convit\/homepage\/"},"modified":"2024-04-22T08:06:40","modified_gmt":"2024-04-22T06:06:40","slug":"homepage","status":"publish","type":"page","link":"https:\/\/convit.se\/en\/","title":{"rendered":"Homepage"},"content":{"rendered":"<div class=\"hero mc mc--none lw lw--fw hero--fullscreen hero--image hero--overlay\"><div class=\"hero__container\"><div class=\"image ofi-holder\"> <img loading=\"lazy\" decoding=\"async\" width=\"2560\" height=\"1820\" src=\"https:\/\/convit.se\/wp-content\/uploads\/2024\/02\/convit-hero-scaled.jpg\" class=\"attachment-full size-full\" alt=\"Bilden visar en b\u00e4rbar dator som \u00e4r \u00f6ppen och placerad p\u00e5 en sl\u00e4t yta. Datorn har en m\u00f6rk f\u00e4rg, troligtvis svart eller m\u00f6rkgr\u00e5, och tangentbordet har vita bokst\u00e4ver p\u00e5 tangenterna. Det ser ut att vara en modern och slank design p\u00e5 datorn. Belysningen p\u00e5 bilden ger ett rosa och bl\u00e5tt sken, vilket ger en k\u00e4nsla av modernitet och teknik. Det \u00e4r en minimalistisk bild med ett starkt fokus p\u00e5 den b\u00e4rbara datorn. Skuggan av datorn syns tydligt p\u00e5 ytan den st\u00e5r p\u00e5, vilket bidrar till djupet i bilden.\" sizes=\"auto, (max-width: 500px) 105.49450549451vw, 100vw\" srcset=\"https:\/\/convit.se\/wp-content\/uploads\/2024\/02\/convit-hero-scaled.jpg 2560w, https:\/\/convit.se\/wp-content\/uploads\/2024\/02\/convit-hero-300x213.jpg 300w, https:\/\/convit.se\/wp-content\/uploads\/2024\/02\/convit-hero-1024x728.jpg 1024w, https:\/\/convit.se\/wp-content\/uploads\/2024\/02\/convit-hero-150x107.jpg 150w, https:\/\/convit.se\/wp-content\/uploads\/2024\/02\/convit-hero-768x546.jpg 768w, https:\/\/convit.se\/wp-content\/uploads\/2024\/02\/convit-hero-1536x1092.jpg 1536w, https:\/\/convit.se\/wp-content\/uploads\/2024\/02\/convit-hero-2048x1456.jpg 2048w\" \/> <\/div> <div class=\"hero__content-holder\"> <div class=\"hero__content bw\"> \n\n<h1 class=\"wp-block-heading mc mc--l\">We take care of your IT, so you can take care of your business.<\/h1>\n\n\n\n<p class=\"has-text-align-left is-style-m mc mc--xl lw lw--mw-txt\">A rental-based lifecycle service for all your IT needs \u2013 from consulting, installation, and support to updates and retrieval. With the utmost focus on security and sustainability.<\/p>\n\n\n<a href=\"https:\/\/convit.se\/\/en\/how-it-works\/\" class=\"button\">This is how it works<span class=\"icon\"><svg aria-hidden=\"true\" focusable=\"false\"><use xlink:href=\"#icon-arrow\"><\/use><\/svg><\/span><\/a>\n\n<a href=\"https:\/\/convit.se\/\/en\/contact\/\" class=\"button button--transparent\">Contact Us<\/a>\n <\/div> <\/div> <\/div><\/div>\n\n<div class=\"hammer mc mc--l lw lw--mw-cntnt-pd hammer--image\"> <div class=\"hammer__inner\"> <div class=\"hammer__head\"> <div class=\"image ofi-holder hammer__image\"> <img decoding=\"async\" class=\"lazy-image-full js-lazy-image\" src=\"\" data-src=\"https:\/\/convit.se\/wp-content\/uploads\/2024\/02\/convit-laptop-1024x768.png\" data-srcset=\"https:\/\/convit.se\/wp-content\/uploads\/2024\/02\/convit-laptop-1024x768.png 1024w, https:\/\/convit.se\/wp-content\/uploads\/2024\/02\/convit-laptop-300x225.png 300w, https:\/\/convit.se\/wp-content\/uploads\/2024\/02\/convit-laptop-150x112.png 150w, https:\/\/convit.se\/wp-content\/uploads\/2024\/02\/convit-laptop-768x576.png 768w, https:\/\/convit.se\/wp-content\/uploads\/2024\/02\/convit-laptop.png 1186w\" sizes=\"(max-width: 500px) 100vw, (max-width: 1280px) 50vw, 640px\" alt=\"En macbook i vinkel med transparent bakgrund.\"\/><img decoding=\"async\" class=\"lazy-image-preview lazy-image-preview--lazy-not-loaded js-preview-image\" src=\"https:\/\/convit.se\/wp-content\/uploads\/2024\/02\/convit-laptop-150x112.png\" alt=\"En macbook i vinkel med transparent bakgrund.\"\/> <\/div> <\/div> <div class=\"hammer__handle\"> <div class=\"hammer__handle-inner bw\"> \n\n<h2 class=\"wp-block-heading\"><strong>Workplace <\/strong><br><strong>as<\/strong> <strong>a Service<\/strong><\/h2>\n\n\n\n<p>For an up-to-date and sustainable IT environment<\/p>\n\n <\/div> <\/div> <\/div> <\/div>\n\n\n<div class=\"wp-block-columns is-style-stretch mc mc--xl lw lw--mw-cntnt-pd is-layout-flex wp-container-core-columns-is-layout-9d6595d7 wp-block-columns-is-layout-flex\">\n<div class=\"wp-block-column lw lw--mw-cntnt-pd bw is-layout-flow wp-block-column-is-layout-flow\"><div class=\"card lw lw--mw-cntnt-pd card--icon card--background-none card--image\"><div class=\"image ofi-holder\"> <img loading=\"lazy\" decoding=\"async\" width=\"155\" height=\"141\" src=\"https:\/\/convit.se\/wp-content\/uploads\/2023\/06\/icon-1.png\" class=\"attachment-large size-large\" alt=\"En ikon som f\u00f6rest\u00e4ller en integration av olika tekniska enheter \u2013 en station\u00e4r sk\u00e4rm, en b\u00e4rbar dator och en mobil enhet \u2013 som tillsammans bildar en enhetlig och kopplad IT-infrastruktur. En bockmarkering representerar en framg\u00e5ngsrik konfiguration och installation.\" sizes=\"auto, (max-width: 500px) 100vw, (max-width: 1280px) 33.333333333333vw, 426.66666666667px\" \/> <\/div> <div class=\"card__content bw\"> <div class=\"card__content-inner bw mc mc--m\"> \n\n<h5 class=\"wp-block-heading mc mc--s\"><strong>Flexible rental solution&nbsp;<\/strong><\/h5>\n\n\n\n<p>With our rental solution, you get access to all the IT your company needs, including professional advice, configuration, and installation \u2013 so you can focus on your business instead.<\/p>\n\n <\/div> <\/div> <\/div><\/div>\n\n\n\n<div class=\"wp-block-column lw lw--mw-cntnt-pd bw is-layout-flow wp-block-column-is-layout-flow\"><div class=\"card lw lw--mw-cntnt-pd card--icon card--background-none card--image\"><div class=\"image ofi-holder\"> <img loading=\"lazy\" decoding=\"async\" width=\"125\" height=\"125\" src=\"https:\/\/convit.se\/wp-content\/uploads\/2023\/08\/icon-4.png\" class=\"attachment-large size-large\" alt=\"En ikon som best\u00e5r av ett kugghjul med en graf eller linjediagram i mitten. Ikonen \u00e4r skapad med enkla linjer och \u00e4r enkel i sitt utf\u00f6rande. Kugghjulet \u00e4r en ofta anv\u00e4nd symbol f\u00f6r inst\u00e4llningar, arbete eller industri, medan grafen i mitten kan representera prestation, analys eller framsteg.\" sizes=\"auto, (max-width: 500px) 100vw, (max-width: 1280px) 33.333333333333vw, 426.66666666667px\" \/> <\/div> <div class=\"card__content bw\"> <div class=\"card__content-inner bw mc mc--m\"> \n\n<h5 class=\"wp-block-heading mc mc--s\"><strong>Safe management<\/strong><\/h5>\n\n\n\n<p>Gain full visibility into the lifecycle of your devices, manage computers, and access technical and financial reports through our Asset Management Portal.<\/p>\n\n <\/div> <\/div> <\/div><\/div>\n\n\n\n<div class=\"wp-block-column lw lw--mw-cntnt-pd bw is-layout-flow wp-block-column-is-layout-flow\"><div class=\"card lw lw--mw-cntnt-pd card--icon card--background-none card--image\"><div class=\"image ofi-holder\"> <img loading=\"lazy\" decoding=\"async\" width=\"112\" height=\"113\" src=\"https:\/\/convit.se\/wp-content\/uploads\/2023\/08\/icon-3.png\" class=\"attachment-large size-large\" alt=\"En ikon med tv\u00e5 pilar som bildar en cirkul\u00e4r r\u00f6relse, vilket representerar cyklisk r\u00f6relse eller \u00e5tervinning. Pilar som r\u00f6r sig i en cirkel anv\u00e4nds ofta f\u00f6r att symbolisera processer som upprepas, \u00e5teranv\u00e4ndning, eller \u00e5tercirkulation.\" sizes=\"auto, (max-width: 500px) 100vw, (max-width: 1280px) 33.333333333333vw, 426.66666666667px\" \/> <\/div> <div class=\"card__content bw\"> <div class=\"card__content-inner bw mc mc--m\"> \n\n<h5 class=\"wp-block-heading mc mc--s\"><strong><strong>Quick updates<\/strong><\/strong><\/h5>\n\n\n\n<p>Think of us as an additional colleague who helps you update technology as devices need to be renewed, or as the need for workstations changes.<\/p>\n\n <\/div> <\/div> <\/div><\/div>\n<\/div>\n\n\n\n<div class=\"wp-block-columns is-style-stretch mc mc--xl lw lw--mw-cntnt-pd is-layout-flex wp-container-core-columns-is-layout-9d6595d7 wp-block-columns-is-layout-flex\">\n<div class=\"wp-block-column lw lw--mw-cntnt-pd bw is-layout-flow wp-block-column-is-layout-flow\"><div class=\"card lw lw--mw-cntnt-pd card--icon card--background-none card--image\"><div class=\"image ofi-holder\"> <img loading=\"lazy\" decoding=\"async\" width=\"165\" height=\"124\" src=\"https:\/\/convit.se\/wp-content\/uploads\/2023\/08\/icon-5.png\" class=\"attachment-large size-large\" alt=\"En stiliserad grafisk illustration av ett handslag. Tv\u00e5 h\u00e4nder, ritade med enkla linjer, \u00e4r i f\u00e4rd med att genomf\u00f6ra ett handslag. Det \u00e4r en vanlig symbol f\u00f6r avtal, \u00f6verenskommelse, eller partnerskap. F\u00e4rgs\u00e4ttningen i bilden \u00e4r enhetlig, med en m\u00f6rk bakgrund och h\u00e4nderna och linjerna som utg\u00f6r handslaget i en ljusare bl\u00e5 nyans, vilket ger en kontrast som g\u00f6r symbolen tydlig och igenk\u00e4nnbar.\" sizes=\"auto, (max-width: 500px) 100vw, (max-width: 1280px) 33.333333333333vw, 426.66666666667px\" \/> <\/div> <div class=\"card__content bw\"> <div class=\"card__content-inner bw mc mc--m\"> \n\n<h5 class=\"wp-block-heading mc mc--s\"><strong>Smart sustainability<\/strong><\/h5>\n\n\n\n<p>You receive a guarantee that old computers will have a second life after your contract expires. We can also provide a report on just how much you will have reduced your carbon footprint by using our service.<\/p>\n\n <\/div> <\/div> <\/div><\/div>\n\n\n\n<div class=\"wp-block-column lw lw--mw-cntnt-pd bw is-layout-flow wp-block-column-is-layout-flow\"><div class=\"card lw lw--mw-cntnt-pd card--icon card--background-none card--image\"><div class=\"image ofi-holder\"> <img loading=\"lazy\" decoding=\"async\" width=\"106\" height=\"116\" src=\"https:\/\/convit.se\/wp-content\/uploads\/2023\/08\/icon-2.png\" class=\"attachment-large size-large\" alt=\"En ikon som f\u00f6rest\u00e4ller ett skydd eller en sk\u00f6ld i bl\u00e5tt med en vit bockmarkering i mitten. Bocken, som ofta symboliserar ett godk\u00e4nnande eller att n\u00e5got \u00e4r korrekt, \u00e4r placerad centralt inom sk\u00f6lden. Sk\u00f6lden kan associeras med s\u00e4kerhet eller skydd, och anv\u00e4nds ofta inom digitala sammanhang f\u00f6r att representera s\u00e4kerhetsfunktioner som till exempel antivirusprogram eller webbs\u00e4kerhetstj\u00e4nster. Den bl\u00e5 f\u00e4rgen f\u00f6rst\u00e4rker k\u00e4nslan av p\u00e5litlighet och trygghet.\" sizes=\"auto, (max-width: 500px) 100vw, (max-width: 1280px) 33.333333333333vw, 426.66666666667px\" \/> <\/div> <div class=\"card__content bw\"> <div class=\"card__content-inner bw mc mc--m\"> \n\n<h5 class=\"wp-block-heading mc mc--s\"><strong>High security<\/strong><\/h5>\n\n\n\n<p>Our ISO-certified delivery process guarantees secure handling of sensitive user data. Old hardware undergoes a certified deletion process.<\/p>\n\n <\/div> <\/div> <\/div><\/div>\n\n\n\n<div class=\"wp-block-column lw lw--mw-cntnt-pd bw is-layout-flow wp-block-column-is-layout-flow\"><div class=\"card lw lw--mw-cntnt-pd card--icon card--background-blue card--styling-none card--image\"> <div class=\"card__content bw\"> <div class=\"card__content-inner bw mc mc--m\"> \n\n<h4 class=\"wp-block-heading mc mc--s\">Want to know more?<\/h4>\n\n <\/div> <p><a href=\"https:\/\/convit.se\/\/en\/how-it-works\/\" class=\"button card__button\">This is how it works<span class=\"icon\"><svg aria-hidden=\"true\" focusable=\"false\"><use xlink:href=\"#icon-arrow\"><\/use><\/svg><\/span><\/a><\/p> <\/div> <\/div><\/div>\n<\/div>\n\n\n<div class=\"container lw lw--mw-cntnt-pd bw\"><div class=\"container__inner bw\">\n<div class=\"wp-block-image\">\n<figure class=\"aligncenter size-large mc mc--xl lw lw--mw-cntnt-pd\"><img loading=\"lazy\" decoding=\"async\" width=\"1024\" height=\"683\" src=\"https:\/\/convit.se\/\/wp-content\/uploads\/2024\/02\/convit-20-1024x683.jpg\" alt=\"\" class=\"wp-image-947\" srcset=\"https:\/\/convit.se\/wp-content\/uploads\/2024\/02\/convit-20-1024x683.jpg 1024w, https:\/\/convit.se\/wp-content\/uploads\/2024\/02\/convit-20-300x200.jpg 300w, https:\/\/convit.se\/wp-content\/uploads\/2024\/02\/convit-20-150x100.jpg 150w, https:\/\/convit.se\/wp-content\/uploads\/2024\/02\/convit-20-768x512.jpg 768w, https:\/\/convit.se\/wp-content\/uploads\/2024\/02\/convit-20.jpg 1200w\" sizes=\"auto, (max-width: 1024px) 100vw, 1024px\" \/><\/figure>\n<\/div>\n<\/div><\/div>\n\n\n<h2 class=\"wp-block-heading has-text-align-center mc mc--m lw lw--mw-cntnt-pd\">The right equipment for your needs<\/h2>\n\n\n\n<p class=\"has-text-align-center is-style-s mc mc--xl\">Your rental agreement enables flexibility and mobility for scalable, modern, cost-effective, and updated workspaces. Tailored entirely to your needs.<\/p>\n\n\n\n<div class=\"wp-block-columns is-style-stretch mc mc--m lw lw--mw-cntnt-pd is-layout-flex wp-container-core-columns-is-layout-9d6595d7 wp-block-columns-is-layout-flex\">\n<div class=\"wp-block-column lw lw--mw-cntnt-pd bw is-layout-flow wp-block-column-is-layout-flow\"><div class=\"card lw lw--mw-cntnt-pd card--background-grey card--styling-space-between\"> <div class=\"card__content bw\"> <div class=\"card__content-inner bw mc mc--m\"> \n\n<h5 class=\"wp-block-heading mc mc--none\">The seller<\/h5>\n\n\n\n<h5 class=\"wp-block-heading is-style-grey\">For those of you on the go<\/h5>\n\n\n\n<p>As a salesperson, you\u2019re probably looking for mobile, portable, and robust devices with long battery life and high security for efficient work, CRM integration, and cloud solutions.<\/p>\n\n <\/div> <\/div> <\/div><\/div>\n\n\n\n<div class=\"wp-block-column lw lw--mw-cntnt-pd bw is-layout-flow wp-block-column-is-layout-flow\"><div class=\"card lw lw--mw-cntnt-pd card--background-grey card--styling-space-between\"> <div class=\"card__content bw\"> <div class=\"card__content-inner bw mc mc--m\"> \n\n<h5 class=\"wp-block-heading mc mc--none\">The administrator<\/h5>\n\n\n\n<h5 class=\"wp-block-heading is-style-grey mc mc--none\">For those of you who need reliability and stability<\/h5>\n\n\n\n<p>An administrator requires equipment with good performance and security. Ergonomic design, cloud integration, and support are also crucial for efficient management.<\/p>\n\n <\/div> <\/div> <\/div><\/div>\n\n\n\n<div class=\"wp-block-column lw lw--mw-cntnt-pd bw is-layout-flow wp-block-column-is-layout-flow\"><div class=\"card lw lw--mw-cntnt-pd card--background-grey card--styling-space-between\"> <div class=\"card__content bw\"> <div class=\"card__content-inner bw mc mc--m\"> \n\n<h5 class=\"wp-block-heading mc mc--none\">The creator<\/h5>\n\n\n\n<h5 class=\"wp-block-heading is-style-grey\">For those of you seeking colour precision and screen quality<\/h5>\n\n\n\n<p>A creator relies on powerful performance, colour precision, and high screen quality for image and video editing, along with creative tools and software.<\/p>\n\n <\/div> <\/div> <\/div><\/div>\n<\/div>\n\n\n\n<div class=\"wp-block-columns is-style-stretch mc mc--xl lw lw--mw-cntnt-pd is-layout-flex wp-container-core-columns-is-layout-9d6595d7 wp-block-columns-is-layout-flex\">\n<div class=\"wp-block-column lw lw--mw-cntnt-pd bw is-layout-flow wp-block-column-is-layout-flow\"><div class=\"card lw lw--mw-cntnt-pd card--background-grey card--styling-space-between\"> <div class=\"card__content bw\"> <div class=\"card__content-inner bw mc mc--m\"> \n\n<h5 class=\"wp-block-heading mc mc--none\">The developer<\/h5>\n\n\n\n<h5 class=\"wp-block-heading is-style-grey\">For those of you who demand powerful performance and RAM<\/h5>\n\n\n\n<p>For secure code development and multitasking, powerful processor performance and sufficient RAM are needed. Fast storage, connectivity, and high-quality screens facilitate projects.<\/p>\n\n <\/div> <\/div> <\/div><\/div>\n\n\n\n<div class=\"wp-block-column lw lw--mw-cntnt-pd bw is-layout-flow wp-block-column-is-layout-flow\"><div class=\"card lw lw--mw-cntnt-pd card--background-grey card--styling-space-between\"> <div class=\"card__content bw\"> <div class=\"card__content-inner bw mc mc--m\"> \n\n<h5 class=\"wp-block-heading mc mc--none\">Miscellaneous<\/h5>\n\n\n\n<h5 class=\"wp-block-heading is-style-grey\">For those of you who aren\u2019t really sure<\/h5>\n\n\n\n<p>Not sure what you need? We help you find the right fit and offer tailored solutions to meet the demands and challenges of your business.<\/p>\n\n <\/div> <\/div> <\/div><\/div>\n\n\n\n<div class=\"wp-block-column lw lw--mw-cntnt-pd bw is-layout-flow wp-block-column-is-layout-flow\"><div class=\"card lw lw--mw-cntnt-pd card--background-blue card--styling-none\"> <div class=\"card__content bw\"> <div class=\"card__content-inner bw mc mc--m\"> \n\n<h4 class=\"wp-block-heading\">Find the right package<br>for your business.<\/h4>\n\n <\/div> <p><a href=\"https:\/\/convit.se\/\/en\/our-packages\/\" class=\"button card__button\">Read more and compare<span class=\"icon\"><svg aria-hidden=\"true\" focusable=\"false\"><use xlink:href=\"#icon-arrow\"><\/use><\/svg><\/span><\/a><\/p> <\/div> <\/div><\/div>\n<\/div>\n\n\n<div class=\"container mc mc--none lw lw--fw bw container--background-grey container--padding-tripple\"><div class=\"container__inner bw\">\n<div class=\"hammer lw lw--mw-cntnt-pd hammer--extra-padding hammer--image\"> <div class=\"hammer__inner\"> <div class=\"hammer__head\"> <div class=\"image ofi-holder hammer__image\"> <img decoding=\"async\" class=\"lazy-image-full js-lazy-image\" src=\"\" data-src=\"https:\/\/convit.se\/wp-content\/uploads\/2024\/02\/convit-14-1024x783.png\" data-srcset=\"https:\/\/convit.se\/wp-content\/uploads\/2024\/02\/convit-14-1024x783.png 1024w, https:\/\/convit.se\/wp-content\/uploads\/2024\/02\/convit-14-300x229.png 300w, https:\/\/convit.se\/wp-content\/uploads\/2024\/02\/convit-14-150x115.png 150w, https:\/\/convit.se\/wp-content\/uploads\/2024\/02\/convit-14-768x587.png 768w, https:\/\/convit.se\/wp-content\/uploads\/2024\/02\/convit-14.png 1200w\" sizes=\"(max-width: 500px) 100vw, (max-width: 1280px) 50vw, 640px\" alt=\"En mobil och en laptop med transparent bakgrund.\"\/><img decoding=\"async\" class=\"lazy-image-preview lazy-image-preview--lazy-not-loaded js-preview-image\" src=\"https:\/\/convit.se\/wp-content\/uploads\/2024\/02\/convit-14-150x115.png\" alt=\"En mobil och en laptop med transparent bakgrund.\"\/> <\/div> <\/div> <div class=\"hammer__handle\"> <div class=\"hammer__handle-inner bw\"> \n\n<h3 class=\"wp-block-heading\"><strong><strong>Are you ready for an up-to-date and sustainable IT environment?<\/strong><\/strong><\/h3>\n\n\n\n<p class=\"mc mc--l\">With our rental-based WaaS offer, you can keep pace with technological advancements and address changing demands and needs in the workplace. All in a safe and sustainable way.<\/p>\n\n\n<a href=\"https:\/\/convit.se\/\/en\/contact\/\" class=\"button\">Contact Us<span class=\"icon\"><svg aria-hidden=\"true\" focusable=\"false\"><use xlink:href=\"#icon-arrow\"><\/use><\/svg><\/span><\/a>\n <\/div> <\/div> <\/div> <\/div>\n<\/div><\/div>","protected":false},"excerpt":{"rendered":"<p>The right equipment for your needs Your rental agreement enables flexibility and mobility for scalable, modern, cost-effective, and updated workspaces. Tailored entirely to your needs.<\/p>\n","protected":false},"author":1,"featured_media":0,"parent":0,"menu_order":0,"comment_status":"closed","ping_status":"closed","template":"","meta":{"_acf_changed":false,"footnotes":""},"class_list":["post-1046","page","type-page","status-publish","hentry"],"acf":[],"_links":{"self":[{"href":"https:\/\/convit.se\/en\/wp-json\/wp\/v2\/pages\/1046","targetHints":{"allow":["GET"]}}],"collection":[{"href":"https:\/\/convit.se\/en\/wp-json\/wp\/v2\/pages"}],"about":[{"href":"https:\/\/convit.se\/en\/wp-json\/wp\/v2\/types\/page"}],"author":[{"embeddable":true,"href":"https:\/\/convit.se\/en\/wp-json\/wp\/v2\/users\/1"}],"replies":[{"embeddable":true,"href":"https:\/\/convit.se\/en\/wp-json\/wp\/v2\/comments?post=1046"}],"version-history":[{"count":13,"href":"https:\/\/convit.se\/en\/wp-json\/wp\/v2\/pages\/1046\/revisions"}],"predecessor-version":[{"id":1131,"href":"https:\/\/convit.se\/en\/wp-json\/wp\/v2\/pages\/1046\/revisions\/1131"}],"wp:attachment":[{"href":"https:\/\/convit.se\/en\/wp-json\/wp\/v2\/media?parent=1046"}],"curies":[{"name":"wp","href":"https:\/\/api.w.org\/{rel}","templated":true}]}}