{"id":1055,"date":"2023-06-30T11:06:07","date_gmt":"2023-06-30T09:06:07","guid":{"rendered":"https:\/\/stage.onestepbeyond.se\/convit\/how-it-works\/"},"modified":"2024-04-25T11:39:04","modified_gmt":"2024-04-25T09:39:04","slug":"how-it-works","status":"publish","type":"page","link":"https:\/\/convit.se\/en\/how-it-works\/","title":{"rendered":"How it works"},"content":{"rendered":"\n<h2 class=\"wp-block-heading has-text-align-center is-style-default lw lw--mw-txt\"><strong>Workplace as a Service&nbsp;<\/strong><br><strong>(WaaS)<\/strong><\/h2>\n\n\n\n<p class=\"has-text-align-center is-style-ms mc mc--xl\">A rental-based lifecycle service for all your IT needs. Consultation, installation, support, updates, and retrieval packaged into a comprehensive service with the utmost focus on security and sustainability.<\/p>\n\n\n<div class=\"container lw lw--mw-txt bw\"><div class=\"container__inner bw\">\n\n<figure class=\"wp-block-image size-large lw lw--mw-txt\"><img loading=\"lazy\" decoding=\"async\" width=\"1024\" height=\"853\" src=\"https:\/\/convit.se\/\/wp-content\/uploads\/2024\/04\/convit-livscykel-eng-1024x853.png\" alt=\"\" class=\"wp-image-1096\" srcset=\"https:\/\/convit.se\/wp-content\/uploads\/2024\/04\/convit-livscykel-eng-1024x853.png 1024w, https:\/\/convit.se\/wp-content\/uploads\/2024\/04\/convit-livscykel-eng-300x250.png 300w, https:\/\/convit.se\/wp-content\/uploads\/2024\/04\/convit-livscykel-eng-150x125.png 150w, https:\/\/convit.se\/wp-content\/uploads\/2024\/04\/convit-livscykel-eng-768x639.png 768w, https:\/\/convit.se\/wp-content\/uploads\/2024\/04\/convit-livscykel-eng.png 1457w\" sizes=\"auto, (max-width: 1024px) 100vw, 1024px\" \/><\/figure>\n\n<\/div><\/div>\n\n<div id=\"smidig-it-tillgang\" class=\"hammer lw lw--mw-cntnt-pd hammer--image\"> <div class=\"hammer__inner\"> <div class=\"hammer__head\"> <div class=\"image ofi-holder hammer__image\"> <img decoding=\"async\" class=\"lazy-image-full js-lazy-image\" src=\"\" data-src=\"https:\/\/convit.se\/wp-content\/uploads\/2024\/02\/convit_safunkardet_1-1024x693.jpg\" data-srcset=\"https:\/\/convit.se\/wp-content\/uploads\/2024\/02\/convit_safunkardet_1-1024x693.jpg 1024w, https:\/\/convit.se\/wp-content\/uploads\/2024\/02\/convit_safunkardet_1-300x203.jpg 300w, https:\/\/convit.se\/wp-content\/uploads\/2024\/02\/convit_safunkardet_1-150x102.jpg 150w, https:\/\/convit.se\/wp-content\/uploads\/2024\/02\/convit_safunkardet_1-768x520.jpg 768w, https:\/\/convit.se\/wp-content\/uploads\/2024\/02\/convit_safunkardet_1.jpg 1200w\" sizes=\"(max-width: 500px) 100vw, (max-width: 1280px) 50vw, 640px\" alt=\"BIld fr\u00e5n ovan i en trappa d\u00e4r en kvinna sitter p\u00e5 ett trappsteg med en laptop i kn\u00e4t. \u00d6ver bilden finns en illustration f\u00f6rest\u00e4llande cirklar som \u00e4r ihopkopplade med lilnjer.\"\/><img decoding=\"async\" class=\"lazy-image-preview lazy-image-preview--lazy-not-loaded js-preview-image\" src=\"https:\/\/convit.se\/wp-content\/uploads\/2024\/02\/convit_safunkardet_1-150x102.jpg\" alt=\"BIld fr\u00e5n ovan i en trappa d\u00e4r en kvinna sitter p\u00e5 ett trappsteg med en laptop i kn\u00e4t. \u00d6ver bilden finns en illustration f\u00f6rest\u00e4llande cirklar som \u00e4r ihopkopplade med lilnjer.\"\/> <\/div> <\/div> <div class=\"hammer__handle\"> <div class=\"hammer__handle-inner bw\"> \n\n<h4 class=\"wp-block-heading mc mc--m\"><strong>1. Flexible rental solution <\/strong><\/h4>\n\n\n\n<p>Avoid all IT hassle and let us assist you with a smooth rental solution, so you can focus on your business instead. Our WaaS offer makes your work life easier with tailored packages that meet your unique needs. Thanks to our well-established relationships with distributors and manufacturers, we guarantee the best products on the market, without being limited to specific brands. You always receive professional advice as well as fast and secure deliveries.<\/p>\n\n\n\n<p>We also simplify the ordering process with a customised web-shop and take care of installation, configuration, and early DOA checks for smooth deployment. With an ISO-certified delivery process (ISO 9001, ISO 14001, ISO 27001), we ensure quality and security every step of the way.<\/p>\n\n <\/div> <\/div> <\/div> <\/div>\n\n<div class=\"hammer is-style-head-left lw lw--mw-cntnt-pd hammer--image\"> <div class=\"hammer__inner\"> <div class=\"hammer__head\"> <div class=\"image ofi-holder hammer__image\"> <img decoding=\"async\" class=\"lazy-image-full js-lazy-image\" src=\"\" data-src=\"https:\/\/convit.se\/wp-content\/uploads\/2024\/02\/convit_safunkardet_2.jpg\" data-srcset=\"https:\/\/convit.se\/wp-content\/uploads\/2024\/02\/convit_safunkardet_2.jpg 730w, https:\/\/convit.se\/wp-content\/uploads\/2024\/02\/convit_safunkardet_2-300x205.jpg 300w, https:\/\/convit.se\/wp-content\/uploads\/2024\/02\/convit_safunkardet_2-150x103.jpg 150w\" sizes=\"(max-width: 500px) 100vw, (max-width: 1280px) 50vw, 640px\" alt=\"Tv\u00e5 presoner som sitter vid sina datorer. Pp\u00e5 sk\u00e4rmen syns kod. \u00d6ver bilden finns en symbol f\u00f6rest\u00e4llande ett huvud i profil med en gl\u00f6dlampa i.\"\/><img decoding=\"async\" class=\"lazy-image-preview lazy-image-preview--lazy-not-loaded js-preview-image\" src=\"https:\/\/convit.se\/wp-content\/uploads\/2024\/02\/convit_safunkardet_2-150x103.jpg\" alt=\"Tv\u00e5 presoner som sitter vid sina datorer. Pp\u00e5 sk\u00e4rmen syns kod. \u00d6ver bilden finns en symbol f\u00f6rest\u00e4llande ett huvud i profil med en gl\u00f6dlampa i.\"\/> <\/div> <\/div> <div class=\"hammer__handle\"> <div class=\"hammer__handle-inner bw\"> \n\n<h4 class=\"wp-block-heading mc mc--m\"><strong>2. Safe management <\/strong><\/h4>\n\n\n\n<p>Stay up-to-date and gain full visibility into the lifecycle of your devices, and access financial reports through our Asset Management Portal.<\/p>\n\n\n\n<p>You always have access to support, ongoing maintenance, and an updated product range specifically tailored to the needs of your company. We also offer insurance that provides security in case of unforeseen events.<\/p>\n\n <\/div> <\/div> <\/div> <\/div>\n\n<div class=\"hammer lw lw--mw-cntnt-pd hammer--image\"> <div class=\"hammer__inner\"> <div class=\"hammer__head\"> <div class=\"image ofi-holder hammer__image\"> <img decoding=\"async\" class=\"lazy-image-full js-lazy-image\" src=\"\" data-src=\"https:\/\/convit.se\/wp-content\/uploads\/2024\/02\/convit_safunkardet_3.jpg\" data-srcset=\"https:\/\/convit.se\/wp-content\/uploads\/2024\/02\/convit_safunkardet_3.jpg 730w, https:\/\/convit.se\/wp-content\/uploads\/2024\/02\/convit_safunkardet_3-300x205.jpg 300w, https:\/\/convit.se\/wp-content\/uploads\/2024\/02\/convit_safunkardet_3-150x103.jpg 150w\" sizes=\"(max-width: 500px) 100vw, (max-width: 1280px) 50vw, 640px\" alt=\"Foto lver ett kontroslandskap med flera sk\u00e4rmar och n\u00e5gra personer osm sitter och jobbar. \u00d6ver bilden finns en illsuatrtion av ett l\u00f6v med pilar runt.\"\/><img decoding=\"async\" class=\"lazy-image-preview lazy-image-preview--lazy-not-loaded js-preview-image\" src=\"https:\/\/convit.se\/wp-content\/uploads\/2024\/02\/convit_safunkardet_3-150x103.jpg\" alt=\"Foto lver ett kontroslandskap med flera sk\u00e4rmar och n\u00e5gra personer osm sitter och jobbar. \u00d6ver bilden finns en illsuatrtion av ett l\u00f6v med pilar runt.\"\/> <\/div> <\/div> <div class=\"hammer__handle\"> <div class=\"hammer__handle-inner bw\"> \n\n<h4 class=\"wp-block-heading mc mc--m\"><strong>3. Quick updates<\/strong><\/h4>\n\n\n\n<p>We know that 80% of the total cost of workplace IT includes support, maintenance, downtime, and resource-intensive work with IT procurement, among other things. If you leave all that to us instead, you won\u2019t have to spend a lot of resources figuring out what to buy and where to buy it. We ensure that you easily stay updated with the latest technology as devices need to be renewed, or as the need for the number of workstations changes. When it\u2019s time for an update, we\u2019ll find suggestions for new devices, taking into account carbon footprint, specifically designed for you in the customised web-shop.<\/p>\n\n\n\n<p>From our logistics centre, strategically located near national and international transport hubs, we can guarantee an environmentally conscious, fast, and secure delivery of the highest quality.<\/p>\n\n <\/div> <\/div> <\/div> <\/div>\n\n<div class=\"hammer is-style-head-left lw lw--mw-cntnt-pd hammer--image\"> <div class=\"hammer__inner\"> <div class=\"hammer__head\"> <div class=\"image ofi-holder hammer__image\"> <img decoding=\"async\" class=\"lazy-image-full js-lazy-image\" src=\"\" data-src=\"https:\/\/convit.se\/wp-content\/uploads\/2024\/02\/convit_safunkardet_4.jpg\" data-srcset=\"https:\/\/convit.se\/wp-content\/uploads\/2024\/02\/convit_safunkardet_4.jpg 730w, https:\/\/convit.se\/wp-content\/uploads\/2024\/02\/convit_safunkardet_4-300x205.jpg 300w, https:\/\/convit.se\/wp-content\/uploads\/2024\/02\/convit_safunkardet_4-150x103.jpg 150w\" sizes=\"(max-width: 500px) 100vw, (max-width: 1280px) 50vw, 640px\" alt=\"N\u00e4rbild p\u00e5 h\u00e4nder som skriver p\u00e5 b\u00e4rbardator i kn\u00e4t. \u00d6ver bilden finns tv\u00e5 cirklar med ett dollarteceken i cirkeln i mitten. Det ska illsuatrerar smart och kostnadseffektiv h\u00e5llbarhet.\"\/><img decoding=\"async\" class=\"lazy-image-preview lazy-image-preview--lazy-not-loaded js-preview-image\" src=\"https:\/\/convit.se\/wp-content\/uploads\/2024\/02\/convit_safunkardet_4-150x103.jpg\" alt=\"N\u00e4rbild p\u00e5 h\u00e4nder som skriver p\u00e5 b\u00e4rbardator i kn\u00e4t. \u00d6ver bilden finns tv\u00e5 cirklar med ett dollarteceken i cirkeln i mitten. Det ska illsuatrerar smart och kostnadseffektiv h\u00e5llbarhet.\"\/> <\/div> <\/div> <div class=\"hammer__handle\"> <div class=\"hammer__handle-inner bw\"> \n\n<h4 class=\"wp-block-heading mc mc--m\"><strong>4. Smart sustainability <\/strong><\/h4>\n\n\n\n<p>We are very proud of our sustainable and responsible IT approach. A rental solution that not only ensures you get the right equipment in place when you need it but also guarantees that everything is done in the most sustainable way possible.&nbsp;&nbsp;&nbsp;You always receive a guarantee of safe return of used hardware, and old computers undergo a secure deletion process before being given a second life. We can provide a report on reduced carbon footprint based on the number of recycled computers \u2013 something you could use in your sustainability efforts.<\/p>\n\n\n\n<p>The handling of used equipment is the foundation of our commitment to the market to do everything we can to minimise negative environmental impact. By refurbishing, repairing, and reselling all used equipment, we can together minimise global e-waste.<\/p>\n\n <\/div> <\/div> <\/div> <\/div>\n\n<div class=\"hammer lw lw--mw-cntnt-pd hammer--image\"> <div class=\"hammer__inner\"> <div class=\"hammer__head\"> <div class=\"image ofi-holder hammer__image\"> <img decoding=\"async\" class=\"lazy-image-full js-lazy-image\" src=\"\" data-src=\"https:\/\/convit.se\/wp-content\/uploads\/2024\/02\/convit_safunkardet_5.jpg\" data-srcset=\"https:\/\/convit.se\/wp-content\/uploads\/2024\/02\/convit_safunkardet_5.jpg 730w, https:\/\/convit.se\/wp-content\/uploads\/2024\/02\/convit_safunkardet_5-300x205.jpg 300w, https:\/\/convit.se\/wp-content\/uploads\/2024\/02\/convit_safunkardet_5-150x103.jpg 150w\" sizes=\"(max-width: 500px) 100vw, (max-width: 1280px) 50vw, 640px\" alt=\"B\u00e4rbardator som h\u00e5ller p\u00e5 att st\u00e4ngas. Datorn ger ett bl\u00e5tt sken \u00f6ver tangentbordet. \u00d6ver bilden finns en cirkel och i den cirkeln en sk\u00f6ld med ett bock tecken som illustrerar s\u00e4kerhet.\"\/><img decoding=\"async\" class=\"lazy-image-preview lazy-image-preview--lazy-not-loaded js-preview-image\" src=\"https:\/\/convit.se\/wp-content\/uploads\/2024\/02\/convit_safunkardet_5-150x103.jpg\" alt=\"B\u00e4rbardator som h\u00e5ller p\u00e5 att st\u00e4ngas. Datorn ger ett bl\u00e5tt sken \u00f6ver tangentbordet. \u00d6ver bilden finns en cirkel och i den cirkeln en sk\u00f6ld med ett bock tecken som illustrerar s\u00e4kerhet.\"\/> <\/div> <\/div> <div class=\"hammer__handle\"> <div class=\"hammer__handle-inner bw\"> \n\n<h4 class=\"wp-block-heading mc mc--m\"><strong>5. High security <\/strong><\/h4>\n\n\n\n<p>In our opinion, strong data security is simply a matter of fact, but we choose to mention it nonetheless because we understand its importance and the concern it can create. With 15 years of industry experience and established contacts, we have over the years gained the trust to manage the IT environment of companies across the Nordic region. Something we do with the utmost security.<\/p>\n\n\n\n<p>With an ISO-certified delivery process (ISO 9001, ISO 14001, ISO 27001), we guarantee that your company\u2019s sensitive user data is handled in the safest possible manner every step of the way. When retrieving old computers, we also guarantee a certified deletion process and provide you with a receipt to confirm that this has been completed.<\/p>\n\n <\/div> <\/div> <\/div> <\/div>\n\n<div class=\"container lw lw--mw-cntnt-pd bw\"><div class=\"container__inner bw\">\n<div class=\"card lw lw--mw-cntnt-pd card--background-blue card--styling-none card--image\"> <div class=\"card__content bw\"> <div class=\"card__content-inner bw mc mc--m\"> \n\n<h3 class=\"wp-block-heading\"><strong>What are the IT needs of your company?<\/strong><\/h3>\n\n\n\n<p class=\"mc mc--xl\">We put together a rental agreement that enables flexibility and mobility for scalable, modern, cost-effective, and updated workspaces. Tailored entirely to your needs.<\/p>\n\n <\/div> <p><a href=\"https:\/\/convit.se\/\/en\/our-packages\/\" class=\"button card__button\">Read more and compare <span class=\"icon\"><svg aria-hidden=\"true\" focusable=\"false\"><use xlink:href=\"#icon-arrow\"><\/use><\/svg><\/span><\/a><\/p> <\/div> <\/div>\n<\/div><\/div>\n\n<div class=\"container mc mc--none lw lw--fw bw container--background-grey container--padding-tripple\"><div class=\"container__inner bw\">\n<div class=\"hammer lw lw--mw-cntnt-pd hammer--extra-padding hammer--image\"> <div class=\"hammer__inner\"> <div class=\"hammer__head\"> <div class=\"image ofi-holder hammer__image\"> <img decoding=\"async\" class=\"lazy-image-full js-lazy-image\" src=\"\" data-src=\"https:\/\/convit.se\/wp-content\/uploads\/2024\/02\/convit-14-1024x783.png\" data-srcset=\"https:\/\/convit.se\/wp-content\/uploads\/2024\/02\/convit-14-1024x783.png 1024w, https:\/\/convit.se\/wp-content\/uploads\/2024\/02\/convit-14-300x229.png 300w, https:\/\/convit.se\/wp-content\/uploads\/2024\/02\/convit-14-150x115.png 150w, https:\/\/convit.se\/wp-content\/uploads\/2024\/02\/convit-14-768x587.png 768w, https:\/\/convit.se\/wp-content\/uploads\/2024\/02\/convit-14.png 1200w\" sizes=\"(max-width: 500px) 100vw, (max-width: 1280px) 50vw, 640px\" alt=\"En mobil och en laptop med transparent bakgrund.\"\/><img decoding=\"async\" class=\"lazy-image-preview lazy-image-preview--lazy-not-loaded js-preview-image\" src=\"https:\/\/convit.se\/wp-content\/uploads\/2024\/02\/convit-14-150x115.png\" alt=\"En mobil och en laptop med transparent bakgrund.\"\/> <\/div> <\/div> <div class=\"hammer__handle\"> <div class=\"hammer__handle-inner bw\"> \n\n<h3 class=\"wp-block-heading\"><strong><strong>Are you ready for an up-to-date and sustainable IT environment?<\/strong><\/strong><\/h3>\n\n\n\n<p class=\"mc mc--l\">With our rental-based WaaS offer, you can keep pace with technological advancements and address changing demands and needs in the workplace. All in a safe and sustainable way.<\/p>\n\n\n<a href=\"https:\/\/convit.se\/\/en\/contact\/\" class=\"button\">Contact Us<span class=\"icon\"><svg aria-hidden=\"true\" focusable=\"false\"><use xlink:href=\"#icon-arrow\"><\/use><\/svg><\/span><\/a>\n <\/div> <\/div> <\/div> <\/div>\n<\/div><\/div>","protected":false},"excerpt":{"rendered":"<p>Workplace as a Service&nbsp;(WaaS) A rental-based lifecycle service for all your IT needs. Consultation, installation, support, updates, and retrieval packaged into a comprehensive service with the utmost focus on security and sustainability.<\/p>\n","protected":false},"author":1,"featured_media":0,"parent":0,"menu_order":0,"comment_status":"closed","ping_status":"closed","template":"","meta":{"_acf_changed":false,"footnotes":""},"class_list":["post-1055","page","type-page","status-publish","hentry"],"acf":[],"_links":{"self":[{"href":"https:\/\/convit.se\/en\/wp-json\/wp\/v2\/pages\/1055","targetHints":{"allow":["GET"]}}],"collection":[{"href":"https:\/\/convit.se\/en\/wp-json\/wp\/v2\/pages"}],"about":[{"href":"https:\/\/convit.se\/en\/wp-json\/wp\/v2\/types\/page"}],"author":[{"embeddable":true,"href":"https:\/\/convit.se\/en\/wp-json\/wp\/v2\/users\/1"}],"replies":[{"embeddable":true,"href":"https:\/\/convit.se\/en\/wp-json\/wp\/v2\/comments?post=1055"}],"version-history":[{"count":6,"href":"https:\/\/convit.se\/en\/wp-json\/wp\/v2\/pages\/1055\/revisions"}],"predecessor-version":[{"id":1136,"href":"https:\/\/convit.se\/en\/wp-json\/wp\/v2\/pages\/1055\/revisions\/1136"}],"wp:attachment":[{"href":"https:\/\/convit.se\/en\/wp-json\/wp\/v2\/media?parent=1055"}],"curies":[{"name":"wp","href":"https:\/\/api.w.org\/{rel}","templated":true}]}}