{"id":1057,"date":"2023-06-30T11:07:03","date_gmt":"2023-06-30T09:07:03","guid":{"rendered":"https:\/\/stage.onestepbeyond.se\/convit\/our-packages\/"},"modified":"2024-04-21T18:48:46","modified_gmt":"2024-04-21T16:48:46","slug":"our-packages","status":"publish","type":"page","link":"https:\/\/convit.se\/en\/our-packages\/","title":{"rendered":"Our packages"},"content":{"rendered":"<div class=\"container mc mc--l lw lw--mw-txt bw\"><div class=\"container__inner bw\">\n\n<h2 class=\"wp-block-heading has-text-align-center\">The right equipment <br>for your needs<\/h2>\n\n\n\n<p class=\"has-text-align-center is-style-ms\">With our WaaS offer, you get a complete digital workspace in the cloud, entirely tailored to your needs. A rental-based IT lifecycle offer enables flexibility and mobility for scalable, modern, cost-effective, and updated workspaces.<\/p>\n\n<\/div><\/div>\n\n<div class=\"hammer-without-image lw lw--mw-cntnt-pd\"> <div class=\"hammer-without-image__inner\"> <div class=\"hammer-without-image__head\"> <div class=\"hammer-without-image__icons-and-text\"><div class=\"hammer-without-image__icon-and-text-div\"><img decoding=\"async\" src=\"https:\/\/convit.se\/wp-content\/uploads\/2023\/09\/convit_ikon_3.png\" alt=\"Icon\"><p>Mobility<\/p><\/div><div class=\"hammer-without-image__icon-and-text-div\"><img decoding=\"async\" src=\"https:\/\/convit.se\/wp-content\/uploads\/2023\/09\/convit_ikon_3.png\" alt=\"Icon\"><p>Portability<\/p><\/div><div class=\"hammer-without-image__icon-and-text-div\"><img decoding=\"async\" src=\"https:\/\/convit.se\/wp-content\/uploads\/2023\/09\/convit_ikon_3.png\" alt=\"Icon\"><p>Long battery life<\/p><\/div><div class=\"hammer-without-image__icon-and-text-div\"><img decoding=\"async\" src=\"https:\/\/convit.se\/wp-content\/uploads\/2023\/09\/convit_ikon_3.png\" alt=\"Icon\"><p>Robust devices<\/p><\/div><\/div> <\/div> <div class=\"hammer-without-image__handle\"> <div class=\"hammer-without-image__handle-inner bw\"> \n\n<h3 class=\"wp-block-heading is-style-default\">The seller<\/h3>\n\n\n\n<h3 class=\"wp-block-heading is-style-grey mc mc--m\">If you\u2019re on the go<\/h3>\n\n\n\n<p class=\"is-style-ms mc mc--l\">A salesperson on the go is never in one place for long and relies on their data equipment and technology to efficiently perform their work. This is why robust equipment is required that meets criteria such as mobility, portability, long battery life, and connectivity options.<\/p>\n\n\n<a href=\"https:\/\/convit.se\/\/en\/contact\/\" class=\"button\">Contact Us<span class=\"icon\"><svg aria-hidden=\"true\" focusable=\"false\"><use xlink:href=\"#icon-arrow\"><\/use><\/svg><\/span><\/a>\n <\/div> <\/div> <\/div> <\/div>\n\n<div class=\"hammer-without-image lw lw--mw-cntnt-pd\"> <div class=\"hammer-without-image__inner\"> <div class=\"hammer-without-image__head\"> <div class=\"hammer-without-image__icons-and-text\"><div class=\"hammer-without-image__icon-and-text-div\"><img decoding=\"async\" src=\"https:\/\/convit.se\/wp-content\/uploads\/2023\/09\/convit_ikon_3.png\" alt=\"Icon\"><p>Reliability and stability<\/p><\/div><div class=\"hammer-without-image__icon-and-text-div\"><img decoding=\"async\" src=\"https:\/\/convit.se\/wp-content\/uploads\/2023\/09\/convit_ikon_3.png\" alt=\"Icon\"><p>Adequate performance<\/p><\/div><div class=\"hammer-without-image__icon-and-text-div\"><img decoding=\"async\" src=\"https:\/\/convit.se\/wp-content\/uploads\/2023\/09\/convit_ikon_3.png\" alt=\"Icon\"><p>Ergonomics<\/p><\/div><div class=\"hammer-without-image__icon-and-text-div\"><img decoding=\"async\" src=\"https:\/\/convit.se\/wp-content\/uploads\/2023\/09\/convit_ikon_3.png\" alt=\"Icon\"><p>Usability<\/p><\/div><\/div> <\/div> <div class=\"hammer-without-image__handle\"> <div class=\"hammer-without-image__handle-inner bw\"> \n\n<h3 class=\"wp-block-heading is-style-default\">The administrator<\/h3>\n\n\n\n<h3 class=\"wp-block-heading is-style-grey mc mc--m\">If you need reliability and stability<\/h3>\n\n\n\n<p class=\"is-style-ms mc mc--l\">An administrator requires reliable and stable equipment with sufficient performance to handle multiple programs and systems. Security, connectivity options, and long battery life are crucial for managing sensitive information and working flexibly. Ergonomic design facilitates handling and collaboration. In addition, backup solutions, technical support, and ease of use are needed to effectively manage administrative tasks and systems.<\/p>\n\n\n<a href=\"https:\/\/convit.se\/\/en\/contact\/\" class=\"button\">Contact Us<span class=\"icon\"><svg aria-hidden=\"true\" focusable=\"false\"><use xlink:href=\"#icon-arrow\"><\/use><\/svg><\/span><\/a>\n <\/div> <\/div> <\/div> <\/div>\n\n<div class=\"hammer-without-image lw lw--mw-cntnt-pd\"> <div class=\"hammer-without-image__inner\"> <div class=\"hammer-without-image__head\"> <div class=\"hammer-without-image__icons-and-text\"><div class=\"hammer-without-image__icon-and-text-div\"><img decoding=\"async\" src=\"https:\/\/convit.se\/wp-content\/uploads\/2023\/09\/convit_ikon_3.png\" alt=\"Icon\"><p>Colour precision and screen quality<\/p><\/div><div class=\"hammer-without-image__icon-and-text-div\"><img decoding=\"async\" src=\"https:\/\/convit.se\/wp-content\/uploads\/2023\/09\/convit_ikon_3.png\" alt=\"Icon\"><p>Creative tools<\/p><\/div><div class=\"hammer-without-image__icon-and-text-div\"><img decoding=\"async\" src=\"https:\/\/convit.se\/wp-content\/uploads\/2023\/09\/convit_ikon_3.png\" alt=\"Icon\"><p>Storage and speed<\/p><\/div><div class=\"hammer-without-image__icon-and-text-div\"><img decoding=\"async\" src=\"https:\/\/convit.se\/wp-content\/uploads\/2023\/09\/convit_ikon_3.png\" alt=\"Icon\"><p>Connectivity options<\/p><\/div><\/div> <\/div> <div class=\"hammer-without-image__handle\"> <div class=\"hammer-without-image__handle-inner bw\"> \n\n<h3 class=\"wp-block-heading is-style-default\">The creator<\/h3>\n\n\n\n<h3 class=\"wp-block-heading is-style-grey mc mc--m\">If you seek colour precision and screen quality<\/h3>\n\n\n\n<p class=\"is-style-ms mc mc--l\">A creator primarily seeks powerful performance with colour precision and high screen quality to handle demanding tasks such as image and video editing. Creative tools such as a stylus are crucial for graphic design. Storage options, sufficient RAM, connectivity options, and battery life are important for a smooth workflow. In addition, good sound quality and upgrade options are needed for a comprehensive experience in creative work.<\/p>\n\n\n<a href=\"https:\/\/convit.se\/\/en\/contact\/\" class=\"button\">Contact Us<span class=\"icon\"><svg aria-hidden=\"true\" focusable=\"false\"><use xlink:href=\"#icon-arrow\"><\/use><\/svg><\/span><\/a>\n <\/div> <\/div> <\/div> <\/div>\n\n<div class=\"hammer-without-image lw lw--mw-cntnt-pd\"> <div class=\"hammer-without-image__inner\"> <div class=\"hammer-without-image__head\"> <div class=\"hammer-without-image__icons-and-text\"><div class=\"hammer-without-image__icon-and-text-div\"><img decoding=\"async\" src=\"https:\/\/convit.se\/wp-content\/uploads\/2023\/09\/convit_ikon_3.png\" alt=\"Icon\"><p>Powerful processor performance<\/p><\/div><div class=\"hammer-without-image__icon-and-text-div\"><img decoding=\"async\" src=\"https:\/\/convit.se\/wp-content\/uploads\/2023\/09\/convit_ikon_3.png\" alt=\"Icon\"><p>Sufficient RAM med RAM<\/p><\/div><div class=\"hammer-without-image__icon-and-text-div\"><img decoding=\"async\" src=\"https:\/\/convit.se\/wp-content\/uploads\/2023\/09\/convit_ikon_3.png\" alt=\"Icon\"><p>Screen quality<\/p><\/div><div class=\"hammer-without-image__icon-and-text-div\"><img decoding=\"async\" src=\"https:\/\/convit.se\/wp-content\/uploads\/2023\/09\/convit_ikon_3.png\" alt=\"Icon\"><p>Developer tools<\/p><\/div><\/div> <\/div> <div class=\"hammer-without-image__handle\"> <div class=\"hammer-without-image__handle-inner bw\"> \n\n<h3 class=\"wp-block-heading is-style-default\"><strong>The developer<\/strong><\/h3>\n\n\n\n<h3 class=\"wp-block-heading is-style-grey mc mc--m\">If you need powerful performance and RAM<\/h3>\n\n\n\n<p class=\"is-style-ms mc mc--l\">For a developer, powerful processor performance and sufficient RAM are essential for fast code development and multitasking. Storage space on fast devices, connectivity options, and high-quality screens facilitate the handling of large projects and software testing. Security is of course crucial for protecting sensitive code and project information.<\/p>\n\n\n<a href=\"https:\/\/convit.se\/\/en\/contact\/\" class=\"button\">Contact Us<span class=\"icon\"><svg aria-hidden=\"true\" focusable=\"false\"><use xlink:href=\"#icon-arrow\"><\/use><\/svg><\/span><\/a>\n <\/div> <\/div> <\/div> <\/div>\n\n<div class=\"hammer lw lw--mw-cntnt-pd hammer--image\"> <div class=\"hammer__inner\"> <div class=\"hammer__head\"> <div class=\"image ofi-holder hammer__image\"> <img decoding=\"async\" class=\"lazy-image-full js-lazy-image\" src=\"\" data-src=\"https:\/\/convit.se\/wp-content\/uploads\/2024\/02\/convit_varapaket-1024x683.jpg\" data-srcset=\"https:\/\/convit.se\/wp-content\/uploads\/2024\/02\/convit_varapaket-1024x683.jpg 1024w, https:\/\/convit.se\/wp-content\/uploads\/2024\/02\/convit_varapaket-300x200.jpg 300w, https:\/\/convit.se\/wp-content\/uploads\/2024\/02\/convit_varapaket-150x100.jpg 150w, https:\/\/convit.se\/wp-content\/uploads\/2024\/02\/convit_varapaket-768x512.jpg 768w, https:\/\/convit.se\/wp-content\/uploads\/2024\/02\/convit_varapaket.jpg 1200w\" sizes=\"(max-width: 500px) 100vw, (max-width: 1280px) 50vw, 640px\" alt=\"Macbook laptop st\u00e5ende p\u00e5 skrivbord. Ur fokus finns mobil, h\u00f6rlurar, kamera linser, kaffekopp och b\u00f6cker.\"\/><img decoding=\"async\" class=\"lazy-image-preview lazy-image-preview--lazy-not-loaded js-preview-image\" src=\"https:\/\/convit.se\/wp-content\/uploads\/2024\/02\/convit_varapaket-150x100.jpg\" alt=\"Macbook laptop st\u00e5ende p\u00e5 skrivbord. Ur fokus finns mobil, h\u00f6rlurar, kamera linser, kaffekopp och b\u00f6cker.\"\/> <\/div> <\/div> <div class=\"hammer__handle\"> <div class=\"hammer__handle-inner bw\"> \n\n<h3 class=\"wp-block-heading is-style-default\">Miscellaneous<\/h3>\n\n\n\n<h3 class=\"wp-block-heading is-style-grey\">If you aren\u2019t really sure<\/h3>\n\n\n\n<p class=\"is-style-ms mc mc--l\">Not sure what you need? We help you find the right fit and even offer tailored solutions to meet the exact demands and challenges your business is facing. We can customise the equipment entirely according to your requirements and preferences, which ensures that you get a perfectly optimised holistic solution.<\/p>\n\n\n<a href=\"https:\/\/convit.se\/\/en\/contact\/\" class=\"button\">Contact Us<span class=\"icon\"><svg aria-hidden=\"true\" focusable=\"false\"><use xlink:href=\"#icon-arrow\"><\/use><\/svg><\/span><\/a>\n <\/div> <\/div> <\/div> <\/div>\n\n<div class=\"container mc mc--none lw lw--fw bw container--background-grey container--padding-tripple\"><div class=\"container__inner bw\">\n<div class=\"hammer lw lw--fw-pd hammer--image\"> <div class=\"hammer__inner\"> <div class=\"hammer__head\"> <div class=\"image ofi-holder hammer__image\"> <img decoding=\"async\" class=\"lazy-image-full js-lazy-image\" src=\"\" data-src=\"https:\/\/convit.se\/wp-content\/uploads\/2024\/02\/convit-14-1024x783.png\" data-srcset=\"https:\/\/convit.se\/wp-content\/uploads\/2024\/02\/convit-14-1024x783.png 1024w, https:\/\/convit.se\/wp-content\/uploads\/2024\/02\/convit-14-300x229.png 300w, https:\/\/convit.se\/wp-content\/uploads\/2024\/02\/convit-14-150x115.png 150w, https:\/\/convit.se\/wp-content\/uploads\/2024\/02\/convit-14-768x587.png 768w, https:\/\/convit.se\/wp-content\/uploads\/2024\/02\/convit-14.png 1200w\" sizes=\"(max-width: 500px) 100vw, (max-width: 1280px) 50vw, 640px\" alt=\"En mobil och en laptop med transparent bakgrund.\"\/><img decoding=\"async\" class=\"lazy-image-preview lazy-image-preview--lazy-not-loaded js-preview-image\" src=\"https:\/\/convit.se\/wp-content\/uploads\/2024\/02\/convit-14-150x115.png\" alt=\"En mobil och en laptop med transparent bakgrund.\"\/> <\/div> <\/div> <div class=\"hammer__handle\"> <div class=\"hammer__handle-inner bw\"> \n\n<h3 class=\"wp-block-heading\"><strong><strong>Are you ready for an up-to-date and sustainable IT environment?<\/strong><\/strong><\/h3>\n\n\n\n<p class=\"mc mc--lm\">With our rental-based WaaS offer, you can keep pace with technological advancements and address changing demands and needs in the workplace. All in a safe and sustainable way.<\/p>\n\n\n<a href=\"https:\/\/convit.se\/\/en\/contact\/\" class=\"button\">Contact Us <span class=\"icon\"><svg aria-hidden=\"true\" focusable=\"false\"><use xlink:href=\"#icon-arrow\"><\/use><\/svg><\/span><\/a>\n <\/div> <\/div> <\/div> <\/div>\n<\/div><\/div>","protected":false},"excerpt":{"rendered":"","protected":false},"author":1,"featured_media":0,"parent":0,"menu_order":0,"comment_status":"closed","ping_status":"closed","template":"","meta":{"_acf_changed":false,"footnotes":""},"class_list":["post-1057","page","type-page","status-publish","hentry"],"acf":[],"_links":{"self":[{"href":"https:\/\/convit.se\/en\/wp-json\/wp\/v2\/pages\/1057","targetHints":{"allow":["GET"]}}],"collection":[{"href":"https:\/\/convit.se\/en\/wp-json\/wp\/v2\/pages"}],"about":[{"href":"https:\/\/convit.se\/en\/wp-json\/wp\/v2\/types\/page"}],"author":[{"embeddable":true,"href":"https:\/\/convit.se\/en\/wp-json\/wp\/v2\/users\/1"}],"replies":[{"embeddable":true,"href":"https:\/\/convit.se\/en\/wp-json\/wp\/v2\/comments?post=1057"}],"version-history":[{"count":6,"href":"https:\/\/convit.se\/en\/wp-json\/wp\/v2\/pages\/1057\/revisions"}],"predecessor-version":[{"id":1124,"href":"https:\/\/convit.se\/en\/wp-json\/wp\/v2\/pages\/1057\/revisions\/1124"}],"wp:attachment":[{"href":"https:\/\/convit.se\/en\/wp-json\/wp\/v2\/media?parent=1057"}],"curies":[{"name":"wp","href":"https:\/\/api.w.org\/{rel}","templated":true}]}}