{"id":1061,"date":"2023-06-22T12:53:01","date_gmt":"2023-06-22T10:53:01","guid":{"rendered":"https:\/\/stage.onestepbeyond.se\/convit\/about-us\/"},"modified":"2025-05-15T11:15:53","modified_gmt":"2025-05-15T09:15:53","slug":"about-us","status":"publish","type":"page","link":"https:\/\/convit.se\/en\/about-us\/","title":{"rendered":"About us"},"content":{"rendered":"<div class=\"hero lw lw--fw hero--fullscreen hero--image hero--overlay\"><div class=\"hero__container\"><div class=\"image ofi-holder\"> <img loading=\"lazy\" decoding=\"async\" width=\"2150\" height=\"1115\" src=\"https:\/\/convit.se\/wp-content\/uploads\/2024\/02\/convit_om_oss_1.jpg\" class=\"attachment-full size-full\" alt=\"Tre personer i soffgrupp p\u00e5 kontor\" sizes=\"auto, (max-width: 500px) 144.61883408072vw, 100vw\" srcset=\"https:\/\/convit.se\/wp-content\/uploads\/2024\/02\/convit_om_oss_1.jpg 2150w, https:\/\/convit.se\/wp-content\/uploads\/2024\/02\/convit_om_oss_1-300x156.jpg 300w, https:\/\/convit.se\/wp-content\/uploads\/2024\/02\/convit_om_oss_1-1024x531.jpg 1024w, https:\/\/convit.se\/wp-content\/uploads\/2024\/02\/convit_om_oss_1-150x78.jpg 150w, https:\/\/convit.se\/wp-content\/uploads\/2024\/02\/convit_om_oss_1-768x398.jpg 768w, https:\/\/convit.se\/wp-content\/uploads\/2024\/02\/convit_om_oss_1-1536x797.jpg 1536w, https:\/\/convit.se\/wp-content\/uploads\/2024\/02\/convit_om_oss_1-2048x1062.jpg 2048w\" \/> <\/div> <div class=\"hero__content-holder\"> <div class=\"hero__content bw\"> \n\n<h1 class=\"wp-block-heading\"><\/h1>\n\n <\/div> <\/div> <\/div><\/div>\n\n\n<h3 class=\"wp-block-heading has-text-align-center mc mc--m\"><strong>More than just an IT company<\/strong><\/h3>\n\n\n\n<p class=\"has-text-align-center is-style-ms mc mc--xl\">We take care of the entire life cycle of your IT products with a rental-based solution \u2013 from advice and installation to update and retrieval. With 15 years of industry experience and established contacts, we have over the years gained the trust to manage the IT environment of companies across the Nordic region. And we do that with both professionalism and passion.<\/p>\n\n\n<div class=\"hammer is-style-head-left mc mc--l lw lw--mw-cntnt-pd hammer--image\"> <div class=\"hammer__inner\"> <div class=\"hammer__head\"> <div class=\"image ofi-holder hammer__image\"> <img decoding=\"async\" class=\"lazy-image-full js-lazy-image\" src=\"\" data-src=\"https:\/\/convit.se\/wp-content\/uploads\/2024\/02\/convit-6-1024x683.jpg\" data-srcset=\"https:\/\/convit.se\/wp-content\/uploads\/2024\/02\/convit-6-1024x683.jpg 1024w, https:\/\/convit.se\/wp-content\/uploads\/2024\/02\/convit-6-300x200.jpg 300w, https:\/\/convit.se\/wp-content\/uploads\/2024\/02\/convit-6-150x100.jpg 150w, https:\/\/convit.se\/wp-content\/uploads\/2024\/02\/convit-6-768x512.jpg 768w, https:\/\/convit.se\/wp-content\/uploads\/2024\/02\/convit-6.jpg 1200w\" sizes=\"(max-width: 500px) 100vw, (max-width: 1280px) 50vw, 640px\" alt=\"M\u00f6te i m\u00f6tesrum d\u00e4r man visar fl\u00f6desschema p\u00e5 whiteboard\"\/><img decoding=\"async\" class=\"lazy-image-preview lazy-image-preview--lazy-not-loaded js-preview-image\" src=\"https:\/\/convit.se\/wp-content\/uploads\/2024\/02\/convit-6-150x100.jpg\" alt=\"M\u00f6te i m\u00f6tesrum d\u00e4r man visar fl\u00f6desschema p\u00e5 whiteboard\"\/> <\/div> <\/div> <div class=\"hammer__handle\"> <div class=\"hammer__handle-inner bw\"> \n\n<h4 class=\"wp-block-heading mc mc--s\"><strong>A sustainable IT approach<\/strong><\/h4>\n\n\n\n<p>We are proud of our sustainable and responsible approach to IT. An approach that guarantees you get the right equipment in the right place \u2013 all in a sustainable and secure way. And we have all our resources in-house, which makes us unique on the market.<\/p>\n\n\n\n<p>We deliver to all industries and today help companies of various sizes, from those with 50 employees up to over 20,000 employees.<\/p>\n\n <\/div> <\/div> <\/div> <\/div>\n\n<div class=\"hammer mc mc--l lw lw--mw-cntnt-pd hammer--image\"> <div class=\"hammer__inner\"> <div class=\"hammer__head\"> <div class=\"image ofi-holder hammer__image\"> <img decoding=\"async\" class=\"lazy-image-full js-lazy-image\" src=\"\" data-src=\"https:\/\/convit.se\/wp-content\/uploads\/2024\/02\/convit-lager-logistik-1024x682.jpg\" data-srcset=\"https:\/\/convit.se\/wp-content\/uploads\/2024\/02\/convit-lager-logistik-1024x682.jpg 1024w, https:\/\/convit.se\/wp-content\/uploads\/2024\/02\/convit-lager-logistik-300x200.jpg 300w, https:\/\/convit.se\/wp-content\/uploads\/2024\/02\/convit-lager-logistik-150x100.jpg 150w, https:\/\/convit.se\/wp-content\/uploads\/2024\/02\/convit-lager-logistik-768x511.jpg 768w, https:\/\/convit.se\/wp-content\/uploads\/2024\/02\/convit-lager-logistik.jpg 1200w\" sizes=\"(max-width: 500px) 100vw, (max-width: 1280px) 50vw, 640px\" alt=\"Personal hos Convit konfigurerar datorer innan leverans.\"\/><img decoding=\"async\" class=\"lazy-image-preview lazy-image-preview--lazy-not-loaded js-preview-image\" src=\"https:\/\/convit.se\/wp-content\/uploads\/2024\/02\/convit-lager-logistik-150x100.jpg\" alt=\"Personal hos Convit konfigurerar datorer innan leverans.\"\/> <\/div> <\/div> <div class=\"hammer__handle\"> <div class=\"hammer__handle-inner bw\"> \n\n<h4 class=\"wp-block-heading mc mc--s\"><strong><strong>Stock and logistics<\/strong><\/strong><\/h4>\n\n\n\n<p>Our team consists of experts in logistics and configuring software and hardware. From our logistics centre, strategically located near national and international transport hubs for fast and efficient deliveries, we can guarantee an environmentally conscious and secure delivery of the highest quality. With an ISO-certified delivery process (ISO 9001, ISO 14001, ISO 27001), we ensure quality and security every step of the way.<\/p>\n\n\n\n<p>In cases where you need storage, pick\/pack, import\/export, transport or other order administration for goods or equipment outside your workplace IT, we can also assist by offering you solutions for that.<\/p>\n\n\n\n<p>We are happy to accept existing equipment to help you extract maximum value from it, ensuring that as much as possible can be re-used. The handling of used equipment is something we are very proud of and it is the foundation of our commitment to the market to do everything we can to minimise negative environmental impact.<\/p>\n\n <\/div> <\/div> <\/div> <\/div>\n\n\n<div class=\"wp-block-columns is-style-extra-gap mc mc--l lw lw--mw-cntnt-pd is-layout-flex wp-container-core-columns-is-layout-9d6595d7 wp-block-columns-is-layout-flex\">\n<div class=\"wp-block-column lw lw--mw-cntnt-pd bw is-layout-flow wp-block-column-is-layout-flow\"><div class=\"card-read-more lw lw--mw-cntnt-pd card-read-more--image\"><div class=\"image ofi-holder\"> <img loading=\"lazy\" decoding=\"async\" width=\"683\" height=\"1024\" src=\"https:\/\/convit.se\/wp-content\/uploads\/2024\/02\/convit_tobias_bjorklund_2-683x1024.jpg\" class=\"attachment-large size-large\" alt=\"Tobias Bj\u00f6rklund - Product Manager p\u00e5 Convit\" sizes=\"auto, (max-width: 500px) 100vw, (max-width: 1280px) 33.333333333333vw, 426.66666666667px\" srcset=\"https:\/\/convit.se\/wp-content\/uploads\/2024\/02\/convit_tobias_bjorklund_2-683x1024.jpg 683w, https:\/\/convit.se\/wp-content\/uploads\/2024\/02\/convit_tobias_bjorklund_2-200x300.jpg 200w, https:\/\/convit.se\/wp-content\/uploads\/2024\/02\/convit_tobias_bjorklund_2-100x150.jpg 100w, https:\/\/convit.se\/wp-content\/uploads\/2024\/02\/convit_tobias_bjorklund_2-768x1152.jpg 768w, https:\/\/convit.se\/wp-content\/uploads\/2024\/02\/convit_tobias_bjorklund_2.jpg 1000w\" \/> <\/div><div class=\"card-read-more__content bw\"><div class=\"card-read-more__content-inner bw mc mc--m\">\n\n<h5 class=\"wp-block-heading mc mc--m\"><strong>Tobias Bj\u00f6rklund, Product Manager<\/strong><\/h5>\n\n\n\n<p class=\"is-style-ms\">Tobias Bj\u00f6rklund, responsible for the product and service range at Convit, plays a key role in maintaining a trusting relationship with distributors, manufacturers, and suppliers.<\/p>\n\n\n\n<p><strong>Have you always known that you wanted to work in IT?<\/strong><br>&#8211; Yes, we have a standing joke that I have worked here since I was a child. I have over 15 years of experience in logistics and IT configuration, as well as a CompTIA A+ certification. I studied IT for a few years, have worked in IT distribution and specifically with WaaS (Workspace as a Service), i.e. workplace services, since 2017.<\/p>\n\n\n\n<p><strong>Why do you enjoy it so much?<\/strong><br>&#8211; I think it\u2019s a combination of my experience and a really good team that feels as strongly about the industry as I do. It\u2019s always fun to be good at what you do, where my strength above all lies in building strong and secure relationships with our customers.<\/p>\n\n\n\n<p><strong>What is the most common question you get asked at your job?<\/strong><br>\u201cTobbe, you\u2019ve worked here for a hundred years, can you help me with this?\u201d<\/p>\n\n<\/div><button class=\"button read-more-button\" data-translation-expanded=\"Minimize\" data-translation-collapsed=\"Read more\">+ Read more<\/button><\/div><\/div><\/div>\n\n\n\n<div class=\"wp-block-column lw lw--mw-cntnt-pd bw is-layout-flow wp-block-column-is-layout-flow\"><div class=\"card-read-more lw lw--mw-cntnt-pd card-read-more--image\"><div class=\"image ofi-holder\"> <img loading=\"lazy\" decoding=\"async\" width=\"1024\" height=\"683\" src=\"https:\/\/convit.se\/wp-content\/uploads\/2024\/02\/convit_josefin_bellini_2-1024x683.jpg\" class=\"attachment-large size-large\" alt=\"Josefin Bellini - Delivery Manager p\u00e5 Convit\" sizes=\"auto, (max-width: 500px) 100vw, (max-width: 1280px) 33.333333333333vw, 426.66666666667px\" srcset=\"https:\/\/convit.se\/wp-content\/uploads\/2024\/02\/convit_josefin_bellini_2-1024x683.jpg 1024w, https:\/\/convit.se\/wp-content\/uploads\/2024\/02\/convit_josefin_bellini_2-300x200.jpg 300w, https:\/\/convit.se\/wp-content\/uploads\/2024\/02\/convit_josefin_bellini_2-150x100.jpg 150w, https:\/\/convit.se\/wp-content\/uploads\/2024\/02\/convit_josefin_bellini_2-768x512.jpg 768w, https:\/\/convit.se\/wp-content\/uploads\/2024\/02\/convit_josefin_bellini_2.jpg 1200w\" \/> <\/div><div class=\"card-read-more__content bw\"><div class=\"card-read-more__content-inner bw mc mc--m\">\n\n<h5 class=\"wp-block-heading mc mc--m\"><strong>Josefin Bellini, <strong>Delivery Manager<\/strong><\/strong><\/h5>\n\n\n\n<p class=\"is-style-ms\">As delivery manager at Convit, Josefin ensures that products and services are of the best quality, and that deliveries flow as they should. She also manages the daily conversation with customers.<\/p>\n\n\n\n<p><strong>How would you describe Josefin at work?<\/strong><br>&#8211; I\u2019m a meticulous and structured person, two sides that are really noticeable in my work. Delivering high quality to the customer is incredibly important to me, which of course is the basis for why I do this type of job. I always think several steps ahead in a process before performing a larger task to really review risks and minimise them in the delivery.<\/p>\n\n\n\n<p><strong>What\u2019s the most enjoyable part of your job?<\/strong><br>&#8211; That it is so diverse! We treat all our customers in a unique way and adapt the deliveries completely to their needs.<\/p>\n\n\n\n<p><strong>What is the most common question you get asked at your job?<\/strong><br>\u201cWhat does the delivery time look like for so-and-so?\u201d<\/p>\n\n<\/div><button class=\"button read-more-button\" data-translation-expanded=\"Minimize\" data-translation-collapsed=\"Read more\">+ Read more<\/button><\/div><\/div><\/div>\n<\/div>\n\n\n\n<div class=\"wp-block-columns is-style-extra-gap mc mc--xl lw lw--mw-cntnt-pd is-layout-flex wp-container-core-columns-is-layout-9d6595d7 wp-block-columns-is-layout-flex\">\n<div class=\"wp-block-column lw lw--mw-cntnt-pd bw is-layout-flow wp-block-column-is-layout-flow\"><div class=\"card-read-more lw lw--mw-cntnt-pd card-read-more--image\"><div class=\"image ofi-holder\"> <img loading=\"lazy\" decoding=\"async\" width=\"683\" height=\"1024\" src=\"https:\/\/convit.se\/wp-content\/uploads\/2024\/02\/convit_patrik_junno_2-683x1024.jpg\" class=\"attachment-large size-large\" alt=\"Patrik Junno - Managing Director p\u00e5 Convit\" sizes=\"auto, (max-width: 500px) 100vw, (max-width: 1280px) 33.333333333333vw, 426.66666666667px\" srcset=\"https:\/\/convit.se\/wp-content\/uploads\/2024\/02\/convit_patrik_junno_2-683x1024.jpg 683w, https:\/\/convit.se\/wp-content\/uploads\/2024\/02\/convit_patrik_junno_2-200x300.jpg 200w, https:\/\/convit.se\/wp-content\/uploads\/2024\/02\/convit_patrik_junno_2-100x150.jpg 100w, https:\/\/convit.se\/wp-content\/uploads\/2024\/02\/convit_patrik_junno_2-768x1152.jpg 768w, https:\/\/convit.se\/wp-content\/uploads\/2024\/02\/convit_patrik_junno_2.jpg 1000w\" \/> <\/div><div class=\"card-read-more__content bw\"><div class=\"card-read-more__content-inner bw mc mc--m\">\n\n<h5 class=\"wp-block-heading mc mc--m\"><strong>Patrik Junno, Managing Director<\/strong><\/h5>\n\n\n\n<p class=\"is-style-ms\">With over 15 years of experience in logistics and supply chain management, Patrik oversees the entire operation and ensures that both the organisation and the business develop in the right direction.<\/p>\n\n\n\n<p><strong>What are your strengths as Managing Director at Convit?<\/strong><br>&#8211; I think my strength lies in my great drive and ability to inspire my colleagues to work together towards our common goals. I also value a strong code of conduct where we as a company do business in a correct way and in that way minimize our negative impact on the outside world.<\/p>\n\n\n\n<p><strong>What\u2019s the most enjoyable part of your job?<\/strong><br>&#8211; For me, it\u2019s incredibly rewarding to come to the office and meet our fantastic team. We\u2019ve really succeeded in building a familiar and open atmosphere. I enjoy the diversity of people I interact with and the opportunity to deliver products I\u2019m passionate about, all within a well-packaged service. In addition, we constantly challenge each other to do it in the most responsible and sustainable way possible.<\/p>\n\n\n\n<p><strong>What is the most common question you get asked at your job?<\/strong><br>\u201cHow\u2019s it going today?\u201d and \u201cPatrik, you know Excel, how do I do this?\u201d<\/p>\n\n<\/div><button class=\"button read-more-button\" data-translation-expanded=\"Minimize\" data-translation-collapsed=\"Read more\">+ Read more<\/button><\/div><\/div><\/div>\n\n\n\n<div class=\"wp-block-column lw lw--mw-cntnt-pd bw is-layout-flow wp-block-column-is-layout-flow\"><div class=\"card-read-more lw lw--mw-cntnt-pd card-read-more--image\"><div class=\"image ofi-holder\"> <img loading=\"lazy\" decoding=\"async\" width=\"1018\" height=\"1024\" src=\"https:\/\/convit.se\/wp-content\/uploads\/2025\/05\/martin_convit-2-1018x1024.jpg\" class=\"attachment-large size-large\" alt=\"\" sizes=\"auto, (max-width: 500px) 100vw, (max-width: 1280px) 33.333333333333vw, 426.66666666667px\" srcset=\"https:\/\/convit.se\/wp-content\/uploads\/2025\/05\/martin_convit-2-1018x1024.jpg 1018w, https:\/\/convit.se\/wp-content\/uploads\/2025\/05\/martin_convit-2-298x300.jpg 298w, https:\/\/convit.se\/wp-content\/uploads\/2025\/05\/martin_convit-2-150x150.jpg 150w, https:\/\/convit.se\/wp-content\/uploads\/2025\/05\/martin_convit-2-768x773.jpg 768w, https:\/\/convit.se\/wp-content\/uploads\/2025\/05\/martin_convit-2-1526x1536.jpg 1526w, https:\/\/convit.se\/wp-content\/uploads\/2025\/05\/martin_convit-2.jpg 1591w\" \/> <\/div><div class=\"card-read-more__content bw\"><div class=\"card-read-more__content-inner bw mc mc--m\">\n\n<h5 class=\"wp-block-heading mc mc--m\"><strong><strong>Martin Karlsson, Senior Key Account Manager<\/strong><\/strong><\/h5>\n\n\n\n<p class=\"is-style-ms\">With over 20 years of experience in sales, Martin always keeps the customer\u2019s interests and success in focus. He understands the need companies have for secure, efficient, sustainable, and seamless IT management.<\/p>\n\n\n\n<p><strong><strong>What are your strengths as a Senior Key Account Manager at Convit?<\/strong><\/strong><br>&#8211; Understanding each customer\u2019s business and unique challenges. Despite all the noise around AI, it\u2019s still people who make a company what it is. I\u2019m passionate about simplifying things and helping both individuals and businesses succeed. That\u2019s what makes the job rewarding and motivating!<\/p>\n\n\n\n<p><strong><strong><strong>What\u2019s the most enjoyable part of your job?<\/strong><\/strong><\/strong><br>&#8211; Meeting new people and getting to know exciting companies. For me, growth is a strong driving force\u2014but never at the cost of personal relationships. I\u2019m also committed to delivering the highest possible level of service to our existing customers. At Convit, we\u2019re a family-oriented company with strong values, and personal connections are important. That suits me perfectly.<\/p>\n\n\n\n<p><strong>What is the most common question you get asked at your job?<\/strong><br>\u201cWho are you meeting today?\u201d and \u201cMartin, who do you know at company X?\u201d I suppose those questions reflect the size of my network\u2014and that I understand the importance of building and maintaining customer relationships.<\/p>\n\n<\/div><button class=\"button read-more-button\" data-translation-expanded=\"Minimize\" data-translation-collapsed=\"Read more\">+ Read more<\/button><\/div><\/div><\/div>\n<\/div>\n","protected":false},"excerpt":{"rendered":"<p>More than just an IT company We take care of the entire life cycle of your IT products with a rental-based solution \u2013 from advice and installation to update and retrieval. With 15 years of industry experience and established contacts, we have over the years gained the trust to manage the IT environment of companies [&hellip;]<\/p>\n","protected":false},"author":1,"featured_media":0,"parent":0,"menu_order":0,"comment_status":"closed","ping_status":"closed","template":"","meta":{"_acf_changed":false,"footnotes":""},"class_list":["post-1061","page","type-page","status-publish","hentry"],"acf":[],"_links":{"self":[{"href":"https:\/\/convit.se\/en\/wp-json\/wp\/v2\/pages\/1061","targetHints":{"allow":["GET"]}}],"collection":[{"href":"https:\/\/convit.se\/en\/wp-json\/wp\/v2\/pages"}],"about":[{"href":"https:\/\/convit.se\/en\/wp-json\/wp\/v2\/types\/page"}],"author":[{"embeddable":true,"href":"https:\/\/convit.se\/en\/wp-json\/wp\/v2\/users\/1"}],"replies":[{"embeddable":true,"href":"https:\/\/convit.se\/en\/wp-json\/wp\/v2\/comments?post=1061"}],"version-history":[{"count":9,"href":"https:\/\/convit.se\/en\/wp-json\/wp\/v2\/pages\/1061\/revisions"}],"predecessor-version":[{"id":1224,"href":"https:\/\/convit.se\/en\/wp-json\/wp\/v2\/pages\/1061\/revisions\/1224"}],"wp:attachment":[{"href":"https:\/\/convit.se\/en\/wp-json\/wp\/v2\/media?parent=1061"}],"curies":[{"name":"wp","href":"https:\/\/api.w.org\/{rel}","templated":true}]}}